{"id":44,"date":"2015-10-14T10:37:25","date_gmt":"2015-10-14T14:37:25","guid":{"rendered":"https:\/\/art-com.ca\/?page_id=44"},"modified":"2021-09-27T19:41:26","modified_gmt":"2021-09-27T23:41:26","slug":"44-2","status":"publish","type":"page","link":"https:\/\/clairdeplume.ca\/index.php\/adjointe-virtuelle-administration\/44-2\/","title":{"rendered":"Politique de confidentialit\u00e9"},"content":{"rendered":"[vc_row][vc_column]<div class=\"fw-section hb-fw-69e1e33611239 without-border no-overlay dark-text-color\" style=\"margin-top:-80px;padding-top:150px;padding-bottom:200px;\"><div class=\"row fw-content-wrap\"><div class=\"col-12 nbm\">\n<h1><div class=\"shortcode-wrapper shortcode-title clearfix hb-animate-element hb-flip-x\"><p style=\"color:#990033!important;border-color:#990033\" class=\"hb-text-large \">Politique de confidentialit\u00e9\u00a0<strong>de Clair de Plume.<\/strong><\/p><\/div><\/h1>\n<\/div><\/div><div class=\"video-overlay no-overlay\"><\/div><div class=\"hb-parallax-wrapper\" style=\"background-image:url(https:\/\/clairdeplume.ca\/wp-content\/uploads\/2015\/10\/Confidentialite-Adjointe-DGood007.jpg);\"><\/div><\/div>[\/vc_column][\/vc_row][vc_row full_width=\u00a0\u00bbstretch_row\u00a0\u00bb][vc_column width=\u00a0\u00bb1\/3&Prime;][vc_single_image image=\u00a0\u00bb1240&Prime; alignment=\u00a0\u00bbcenter\u00a0\u00bb style=\u00a0\u00bbvc_box_circle_2&Prime; onclick=\u00a0\u00bbcustom_link\u00a0\u00bb img_link_target=\u00a0\u00bb_blank\u00a0\u00bb css_animation=\u00a0\u00bbappear\u00a0\u00bb link=\u00a0\u00bbhttps:\/\/clairdeplume.ca\/wp-content\/uploads\/2015\/10\/Politique-Confidentialit\u00e9-20160222-PDF-SiteWeb.pdf\u00a0\u00bb][vc_custom_heading text=\u00a0\u00bbFichier PDF &#8211;<br \/>\nPolitique de confidentialit\u00e9\u00a0\u00bb font_container=\u00a0\u00bbtag:h2|text_align:center\u00a0\u00bb use_theme_fonts=\u00a0\u00bbyes\u00a0\u00bb css=\u00a0\u00bb.vc_custom_1632786013513{margin-top: 0px !important;}\u00a0\u00bb link=\u00a0\u00bburl:https%3A%2F%2Fclairdeplume.ca%2Fwp-content%2Fuploads%2F2015%2F10%2FPolitique-Confidentialit%C3%A9-20160222-PDF-SiteWeb.pdf|title:Fichier%20PDF%20-%20Politique%20de%20confidentialit%C3%A9|target:_blank\u00a0\u00bb][vc_column_text]\n<h5 style=\"text-align: center;\">Vous trouverez ici le fichier .pdf de la \u00abPolitique de Confidentialit\u00e9\u00bb de Clair de Plume.<\/h5>\n[\/vc_column_text][\/vc_column][vc_column width=\u00a0\u00bb1\/3&Prime;][vc_single_image image=\u00a0\u00bb254&Prime; alignment=\u00a0\u00bbcenter\u00a0\u00bb style=\u00a0\u00bbvc_box_circle_2&Prime; onclick=\u00a0\u00bbcustom_link\u00a0\u00bb css_animation=\u00a0\u00bbappear\u00a0\u00bb link=\u00a0\u00bbhttps:\/\/clairdeplume.ca\/index.php\/sample-page\/convention-dutilisation\/\u00a0\u00bb][vc_custom_heading text=\u00a0\u00bbConvention d&rsquo;utilisation &#8211;<br \/>\nServices et site Internet\u00a0\u00bb font_container=\u00a0\u00bbtag:h2|text_align:center\u00a0\u00bb use_theme_fonts=\u00a0\u00bbyes\u00a0\u00bb css=\u00a0\u00bb.vc_custom_1469651764208{margin-top: 0px !important;}\u00a0\u00bb link=\u00a0\u00bburl:http%3A%2F%2Fclairdeplume.ca%2Findex.php%2Fsample-page%2Fconvention-dutilisation%2F|||\u00a0\u00bb][vc_column_text]\n<h5 style=\"text-align: center;\">Suivez ce lien pour atteindre la page traitant de la \u00abConvention d&rsquo;utilisation du site Internet et d&rsquo;utilisation\u00a0de service\u00bb de Clair de Plume.<\/h5>\n[\/vc_column_text][\/vc_column][vc_column width=\u00a0\u00bb1\/3&Prime;][\/vc_column][\/vc_row][vc_row][vc_column][vc_custom_heading text=\u00a0\u00bbPolitique de confidentialit\u00e9 \u2013 Services et site Internet de Clair de Plume\u00a0\u00bb font_container=\u00a0\u00bbtag:h1|text_align:left\u00a0\u00bb google_fonts=\u00a0\u00bbfont_family:Montserrat%3Aregular%2C700|font_style:400%20regular%3A400%3Anormal\u00a0\u00bb][\/vc_column][\/vc_row][vc_row][vc_column width=\u00a0\u00bb2\/3&Prime;][vc_column_text]\n<h5 style=\"text-align: justify;\">Nous encourageons fortement tout utilisateur ou Visiteur du site www.ClairDePlume.ca, \u00e0 lire enti\u00e8rement la pr\u00e9sente Politique de confidentialit\u00e9 applicable \u00e0 l\u2019utilisation du site Internet et d\u2019utilisation de service de Clair de Plume. Que vous soyez Client ou Visiteur, l\u2019acc\u00e8s et l\u2019utilisation continus que vous faites du site Internet de Clair de Plume indiquent votre acceptation de cette Politique. Dans l\u2019\u00e9ventualit\u00e9 o\u00f9 vous vous opposiez \u00e0 l\u2019un ou l\u2019autre des \u00e9nonc\u00e9s de la pr\u00e9sente Politique de confidentialit\u00e9 de Clair de Plume, vous \u00eates invit\u00e9 \u00e0 quitter et \u00e0 vous abstenir de consulter le dit site Internet.<\/h5>\n<h5 style=\"text-align: justify;\"><strong>En tout temps, la pr\u00e9sente Politique de confidentialit\u00e9, de m\u00eame que la Convention d\u2019utilisation de service et d\u2019utilisation du site Internet de Clair de Plume, font partie int\u00e9grante de tout Devis ou Contrat de service. Le Client d\u00e9clare en avoir pris connaissance, et d\u00e9clare consentir \u00e0 ce qui y est stipul\u00e9, comme en font foi ses initiales appos\u00e9es au dit contrat ou devis.<\/strong><\/h5>\n<h5 style=\"text-align: justify;\">Clair de Plume, partenaire de confiance, a con\u00e7u la pr\u00e9sente politique de confidentialit\u00e9 et de protection de la vie priv\u00e9e sur la base des informations recueillies aupr\u00e8s de la Commission d\u2019acc\u00e8s \u00e0 l\u2019information du Qu\u00e9bec, sur la protection des renseignements personnels dans le secteur priv\u00e9. Nous assumons tr\u00e8s s\u00e9rieusement les responsabilit\u00e9s de gardiens des renseignements personnels confidentiels qui nous sont confi\u00e9s. Notre engagement \u00e0 pr\u00e9server la confidentialit\u00e9 se refl\u00e8te, entre autres, dans la pr\u00e9sente politique.<\/h5>\n<p>&nbsp;<\/p>\n<h5 style=\"text-align: justify;\"><strong>Utilisation de fichiers t\u00e9moins (\u2018\u2019cookies\u2019\u2019)<\/strong><\/h5>\n<h5 style=\"text-align: justify;\">Le site Internet de Clair de Plume ne place aucun fichier t\u00e9moin (cookie) permanent dans les disques durs des ordinateurs des Visiteurs, mais \u00e9ventuellement, nous utiliserons uniquement un fichier t\u00e9moin temporaire, requis pour am\u00e9liorer la performance de certaines fonctionnalit\u00e9s de notre site.<\/h5>\n<p>&nbsp;<\/p>\n<h5 style=\"text-align: justify;\"><strong>Informations \u00e9chang\u00e9es automatiquement \u2013 \u00c0 venir chez Clair de Plume<\/strong><\/h5>\n<h5 style=\"text-align: justify;\">\u00c9ventuellement, lorsque vous acc\u00e9derez au site Internet de Clair de Plume, votre ordinateur et le serveur du site \u00e9changeront automatiquement des informations. Les informations \u00e9chang\u00e9es seront les suivantes\u00a0:<\/h5>\n<ul style=\"text-align: justify;\">\n<li>\n<h5>le nom de domaine de votre fournisseur d\u2019acc\u00e8s \u00e0 Internet\u00a0;<\/h5>\n<\/li>\n<li>\n<h5>votre adresse IP, num\u00e9ro unique assign\u00e9 \u00e0 votre ordinateur lorsqu\u2019il est connect\u00e9 au r\u00e9seau Internet\u00a0;<\/h5>\n<\/li>\n<li>\n<h5>le type de navigateur (Explorer, Firefox, etc.) et de syst\u00e8me d\u2019exploitation (Windows, Mac OS, etc.) utilis\u00e9s\u00a0;<\/h5>\n<\/li>\n<li>\n<h5>la date et l\u2019heure de la visite\u00a0;<\/h5>\n<\/li>\n<li>\n<h5>les pages que vous consultez\u00a0;<\/h5>\n<\/li>\n<li>\n<h5>l\u2019adresse du site r\u00e9f\u00e9rent, si vous acc\u00e9dez au site de Clair de Plume \u00e0 partir d\u2019un autre site.<\/h5>\n<\/li>\n<\/ul>\n<h5 style=\"text-align: justify;\"><\/h5>\n<h5 style=\"text-align: justify;\">Ces informations seront conserv\u00e9es et exploit\u00e9es par Clair de Plume \u00e0 des fins techniques et statistiques. Elles servent \u00e0 comptabiliser le nombre de visites, les pages les plus fr\u00e9quent\u00e9es, la technologie utilis\u00e9e par les Visiteurs, les sites r\u00e9f\u00e9rents et le pays d\u2019origine des Visiteurs. Ceci nous aidera \u00e9galement \u00e0 diagnostiquer tout probl\u00e8me qui pourrait survenir et \u00e0 mieux comprendre l\u2019utilisation que les Visiteurs et nos Clients feront de notre site Internet, afin d\u2019en am\u00e9liorer la conception et la disposition.<\/h5>\n<h5 style=\"text-align: justify;\">Clair de Plume <strong><u>n\u2019utilise pas<\/u><\/strong> les fichiers t\u00e9moins pour identifier des individus, recueillir des informations les concernant, pour extraire des donn\u00e9es provenant de leur disque dur, pour obtenir leur adresse courriel, ni pour leur offrir des produits ou services.<\/h5>\n<p>&nbsp;<\/p>\n<h5 style=\"text-align: justify;\"><strong>Informations et fichiers transmis par courriel<\/strong><\/h5>\n<h5 style=\"text-align: justify;\">Clair de Plume s\u2019engage \u00e0 assurer la protection des renseignements confidentiels que vous lui confiez. Clair de Plume reconna\u00eet le caract\u00e8re confidentiel et nous nous engageons \u00e0 traiter comme tels toutes les informations et tous les documents mis \u00e0 notre disposition et se rapportant directement ou indirectement aux projets ou travaux auxquels nous participons et en cons\u00e9quence n\u2019en divulguons aucune partie \u00e0 qui que ce soit, sauf du consentement pr\u00e9alable \u00e9crit du Client, et alors seulement dans la mesure autoris\u00e9e. Lorsque vous nous communiquez volontairement des renseignements personnels ou autrement confidentiels, par courriel ou autrement, nous n\u2019utilisons que l\u2019information requise pour nous permettre de r\u00e9pondre \u00e0 votre message ou donner suite \u00e0 vos demandes. Le courrier \u00e9chang\u00e9 \u00e9lectroniquement est trait\u00e9 avec les m\u00eames mesures de confidentialit\u00e9 que les documents \u00e9crits.<\/h5>\n<h5 style=\"text-align: justify;\"><\/h5>\n<h5 style=\"text-align: justify;\">De plus, Clair de Plume utilise les renseignements personnels en conformit\u00e9 avec les lois cit\u00e9es aux pr\u00e9sentes, pour assurer au mieux les services pour lesquels ses Clients l\u2019ont mandat\u00e9e. En aucun cas elle ne les utilise pour les vendre, les louer, les divulguer, les \u00e9changer ou autrement c\u00e9der \u00e0 un tiers, ni pour les transmettre \u00e0 des annonceurs. Les renseignements personnels sont conserv\u00e9s uniquement dans le but de faciliter l\u2019ex\u00e9cution des mandats confi\u00e9s \u00e0 Clair de Plume par ses Clients, et acc\u00e9l\u00e9rer le renouvellement desdits mandats, le cas \u00e9ch\u00e9ant.<\/h5>\n<p>&nbsp;<\/p>\n<h5 style=\"text-align: justify;\"><strong>Limites de la pr\u00e9sente politique<\/strong><\/h5>\n<h5 style=\"text-align: justify;\">Cette politique ne s\u2019applique pas aux Visiteurs qui ne fournissent aucune information les concernant et qui, par cons\u00e9quent, ne sont pas identifiables, ni aux informations que chacun des Clients d\u00e9cide de diffuser lui-m\u00eame, volontairement, et\/ou par le biais de travaux ou services dont il a demand\u00e9 l\u2019ex\u00e9cution \u00e0 Clair de Plume par contrat, devis, ou autre mandat \u00e9crit, et\/ou par la diffusion des r\u00e9sultats de tels travaux ou services.<\/h5>\n<p>&nbsp;<\/p>\n<h5 style=\"text-align: justify;\"><strong>Liens vers des sites externes <\/strong><\/h5>\n<h5 style=\"text-align: justify;\">Le site Internet de Clair de Plume peut comporter des liens vers des sites tiers, liens qui sont fournis pour des raisons de commodit\u00e9. Ces sites li\u00e9s sont enti\u00e8rement ind\u00e9pendants de Clair de Plume et ne sont pas sous son contr\u00f4le. Les renseignements \u00e9chang\u00e9s sur ces sites ne sont pas assujettis \u00e0 la pr\u00e9sente politique, Clair de Plume ne fait aucune d\u00e9claration et ne donne aucune garantie en ce qui a trait aux renseignements, produits ou services que l&rsquo;on trouve sur ces sites, ni en ce qui a trait \u00e0 leurs pratiques en mati\u00e8re de protection des renseignements personnels.<\/h5>\n<p>&nbsp;<\/p>\n<h5 style=\"text-align: justify;\"><strong>Pour plus d\u2019informations sur la pr\u00e9sente politique<\/strong><\/h5>\n<h5 style=\"text-align: justify;\">Dans l\u2019\u00e9ventualit\u00e9 o\u00f9 des informations suppl\u00e9mentaires vous soient n\u00e9cessaires au sujet de la pr\u00e9sente politique, nous vous invitons \u00e0 communiquer avec nous par courriel \u00e0 l\u2019adresse <a href=\"mailto:admin@clairdeplume.ca\">admin@clairdeplume.ca<\/a> ou <a href=\"mailto:admin@art-com.ca\">admin@art-com.ca<\/a>, ou par t\u00e9l\u00e9phone en composant le 514.316.8037.<\/h5>\n<h5 style=\"text-align: justify;\">La pr\u00e9sente Politique de confidentialit\u00e9 de Clair de Plume est compl\u00e9t\u00e9e par la Convention d\u2019utilisation de service et d\u2019utilisation du site Internet. Chaque Visiteur ou Client d\u00e9clare avoir \u00e9galement pris connaissance de la Convention d\u2019utilisation de service et d\u2019utilisation du site Internet de Clair de Plume, affich\u00e9e sur le site Internet en question. En utilisant le site et en acceptant la pr\u00e9sente Politique de confidentialit\u00e9, il confirme qu&rsquo;il accepte les termes qui y sont \u00e9nonc\u00e9s.<\/h5>\n<h5 style=\"text-align: justify;\"><\/h5>\n<h5 style=\"text-align: justify;\">La pr\u00e9sente Politique de confidentialit\u00e9 et de protection de la vie priv\u00e9e a \u00e9t\u00e9 mise \u00e0 jour par Clair de Plume, et prend effet le 25 f\u00e9vrier 2016. Clair de Plume se r\u00e9serve le droit d\u2019effectuer des mises \u00e0 jour et d\u2019apporter des changements ou des modifications au moment qui lui conviendra, \u00e0 l\u2019un ou l\u2019autre des sites Internet lui appartenant, et \u00e0 la pr\u00e9sente Politique.<\/h5>\n<h5 style=\"text-align: justify;\"><\/h5>\n<h5 style=\"text-align: justify;\">Tous droits r\u00e9serv\u00e9s \u00a9 Clair de Plume 2016<\/h5>\n[\/vc_column_text][\/vc_column][vc_column width=\u00a0\u00bb1\/3&Prime;]<div class=\"hb-pricing-table-wrapper pricing-colored columns-1 clearfix hb-animate-element hb-scale-down\"><div class=\"hb-pricing-item\"><span class=\"hb-pricing-ribbon alt\">INFO<\/span><div class=\"pricing-table-price\" style=\"background:#990033;\">EN TOUT TEMPS<\/div><div class=\"pricing-table-caption\" style=\"background:#990033;\">Convention d'utilisation et Politique de Confidentialit\u00e9<\/div><div class=\"pricing-table-content\"><ul>\r\n\t<li>\r\n<h5><strong>La Convention d'utilisation de service et d'utilisation du site Internet de Clair de Plume, de m\u00eame que la Politique de confidentialit\u00e9 de Clair de Plume, font partie de tout Devis ou Contrat de service, chaque Client d\u00e9clare en avoir pris connaissance, et d\u00e9clare\u00a0consentir\u00a0\u00e0 ce qui y est\u00a0stipul\u00e9.<\/strong><\/h5>\r\n<\/li>\r\n\t<li>\r\n<h5><span style=\"color: #808080;\"><strong>Nous encourageons fortement tout utilisateur ou visiteur du site Clair de Plume.ca et Art-Com.ca, \u00e0 lire enti\u00e8rement la Convention d'utilisation de service et d'utilisation du site Internet de Clair de Plume, de m\u00eame que la Politique de confidentialit\u00e9 de Clair de Plume.<\/strong><\/span><\/h5>\r\n<\/li>\r\n\t<li>\r\n<h5><span style=\"color: #000000;\"><strong>Client ou visiteur, l'acc\u00e8s et l'utilisation que vous faites du pr\u00e9sent site Internet indique votre acceptation de la Convention d'utilisation et de la Politique de confidentialit\u00e9.<\/strong><\/span><\/h5>\r\n<\/li>\r\n\t<li>\r\n<h5><span style=\"color: #808080;\"><strong>Dans l'\u00e9ventualit\u00e9 o\u00f9 vous vous opposiez \u00e0 l'un ou l'autre des \u00e9nonc\u00e9s de la Convention d'utilisation ou de la Politique de confidentialit\u00e9, vous \u00eates invit\u00e9 \u00e0 quitter et \u00e0 vous abstenir de consulter le pr\u00e9sent Site Internet.<\/strong><\/span><\/h5>\r\n<\/li>\r\n<\/ul><\/div><\/div><\/div>[\/vc_column][\/vc_row]\n","protected":false},"excerpt":{"rendered":"<p>[vc_row][vc_column][\/vc_column][\/vc_row][vc_row full_width=\u00a0\u00bbstretch_row\u00a0\u00bb][vc_column width=\u00a0\u00bb1\/3&Prime;][vc_single_image image=\u00a0\u00bb1240&Prime; alignment=\u00a0\u00bbcenter\u00a0\u00bb style=\u00a0\u00bbvc_box_circle_2&Prime; onclick=\u00a0\u00bbcustom_link\u00a0\u00bb img_link_target=\u00a0\u00bb_blank\u00a0\u00bb css_animation=\u00a0\u00bbappear\u00a0\u00bb link=\u00a0\u00bbhttps:\/\/clairdeplume.ca\/wp-content\/uploads\/2015\/10\/Politique-Confidentialit\u00e9-20160222-PDF-SiteWeb.pdf\u00a0\u00bb][vc_custom_heading text=\u00a0\u00bbFichier PDF &#8211; Politique de confidentialit\u00e9\u00a0\u00bb font_container=\u00a0\u00bbtag:h2|text_align:center\u00a0\u00bb use_theme_fonts=\u00a0\u00bbyes\u00a0\u00bb css=\u00a0\u00bb.vc_custom_1632786013513{margin-top: 0px !important;}\u00a0\u00bb link=\u00a0\u00bburl:https%3A%2F%2Fclairdeplume.ca%2Fwp-content%2Fuploads%2F2015%2F10%2FPolitique-Confidentialit%C3%A9-20160222-PDF-SiteWeb.pdf|title:Fichier%20PDF%20-%20Politique%20de%20confidentialit%C3%A9|target:_blank\u00a0\u00bb][vc_column_text] Vous trouverez ici le fichier .pdf de la \u00abPolitique de Confidentialit\u00e9\u00bb de Clair de Plume. [\/vc_column_text][\/vc_column][vc_column width=\u00a0\u00bb1\/3&Prime;][vc_single_image image=\u00a0\u00bb254&Prime; alignment=\u00a0\u00bbcenter\u00a0\u00bb style=\u00a0\u00bbvc_box_circle_2&Prime; onclick=\u00a0\u00bbcustom_link\u00a0\u00bb css_animation=\u00a0\u00bbappear\u00a0\u00bb link=\u00a0\u00bbhttps:\/\/clairdeplume.ca\/index.php\/sample-page\/convention-dutilisation\/\u00a0\u00bb][vc_custom_heading text=\u00a0\u00bbConvention d&rsquo;utilisation &#8211; Services et site Internet\u00a0\u00bb font_container=\u00a0\u00bbtag:h2|text_align:center\u00a0\u00bb use_theme_fonts=\u00a0\u00bbyes\u00a0\u00bb css=\u00a0\u00bb.vc_custom_1469651764208{margin-top: [&hellip;]<\/p>\n","protected":false},"author":1,"featured_media":0,"parent":2,"menu_order":0,"comment_status":"closed","ping_status":"closed","template":"","meta":[],"_links":{"self":[{"href":"https:\/\/clairdeplume.ca\/index.php\/wp-json\/wp\/v2\/pages\/44"}],"collection":[{"href":"https:\/\/clairdeplume.ca\/index.php\/wp-json\/wp\/v2\/pages"}],"about":[{"href":"https:\/\/clairdeplume.ca\/index.php\/wp-json\/wp\/v2\/types\/page"}],"author":[{"embeddable":true,"href":"https:\/\/clairdeplume.ca\/index.php\/wp-json\/wp\/v2\/users\/1"}],"replies":[{"embeddable":true,"href":"https:\/\/clairdeplume.ca\/index.php\/wp-json\/wp\/v2\/comments?post=44"}],"version-history":[{"count":50,"href":"https:\/\/clairdeplume.ca\/index.php\/wp-json\/wp\/v2\/pages\/44\/revisions"}],"predecessor-version":[{"id":1539,"href":"https:\/\/clairdeplume.ca\/index.php\/wp-json\/wp\/v2\/pages\/44\/revisions\/1539"}],"up":[{"embeddable":true,"href":"https:\/\/clairdeplume.ca\/index.php\/wp-json\/wp\/v2\/pages\/2"}],"wp:attachment":[{"href":"https:\/\/clairdeplume.ca\/index.php\/wp-json\/wp\/v2\/media?parent=44"}],"curies":[{"name":"wp","href":"https:\/\/api.w.org\/{rel}","templated":true}]}}